{"id":26,"date":"2024-01-22T17:56:19","date_gmt":"2024-01-22T17:56:19","guid":{"rendered":"https:\/\/2025.schnetzer.at\/?page_id=26"},"modified":"2025-02-19T19:01:43","modified_gmt":"2025-02-19T19:01:43","slug":"jugum","status":"publish","type":"page","link":"https:\/\/2025.schnetzer.at\/index.php\/jugum\/","title":{"rendered":"Ruhe &#8211; Oase"},"content":{"rendered":"\n<hr class=\"wp-block-separator alignwide has-text-color has-luminous-vivid-amber-color has-alpha-channel-opacity has-luminous-vivid-amber-background-color has-background is-style-wide\"\/>\n\n\n\n<div class=\"wp-block-columns alignwide are-vertically-aligned-top is-layout-flex wp-container-core-columns-is-layout-30f78326 wp-block-columns-is-layout-flex\">\n<div class=\"wp-block-column is-vertically-aligned-top is-layout-flow wp-block-column-is-layout-flow\" style=\"flex-basis:400px\">\n<figure class=\"wp-block-image size-full is-resized has-custom-border is-style-rounded\"><img loading=\"lazy\" decoding=\"async\" width=\"639\" height=\"644\" src=\"https:\/\/2025.schnetzer.at\/wp-content\/uploads\/2025\/02\/Soe_Oe.png\" alt=\"\" class=\"wp-image-397\" style=\"border-radius:10px;object-fit:cover;width:400px;height:auto\" srcset=\"https:\/\/2025.schnetzer.at\/wp-content\/uploads\/2025\/02\/Soe_Oe.png 639w, https:\/\/2025.schnetzer.at\/wp-content\/uploads\/2025\/02\/Soe_Oe-298x300.png 298w, https:\/\/2025.schnetzer.at\/wp-content\/uploads\/2025\/02\/Soe_Oe-150x150.png 150w\" sizes=\"auto, (max-width: 639px) 100vw, 639px\" \/><\/figure>\n<\/div>\n\n\n\n<div class=\"wp-block-column is-vertically-aligned-top is-layout-flow wp-block-column-is-layout-flow\">\n<h2 class=\"wp-block-heading has-large-font-size\" style=\"margin-top:0px\">Jugum &#8211; was ist das?<\/h2>\n\n\n\n<ul class=\"wp-block-list\">\n<li><strong>Meditative Bewegungen<\/strong>, \u00e4hnlich den Yoga-\u00dcbungen oder Qigong gab es fr\u00fcher auch in <strong>Europa<\/strong>. Historiker haben die europ\u00e4ische Form in jahrhundertealten Schriften wiederentdeckt und ihnen ein neues Leben gegeben.<\/li>\n\n\n\n<li>Anders als fern\u00f6stliche Lehren ging man in Europa von <strong>drei Ebenen<\/strong> aus: die geistige, die emotionale und die k\u00f6rperliche Ebene. Auf diese Ebenen beziehen sich die \u00dcbungen. Man versucht, \u201eden Kopf frei zu kriegen\u201c (geistige Ebene), das Herz in Gleichklang zu bringen (emotionale Ebene) und z.B. sich zu erden (k\u00f6rperliche Ebene).<\/li>\n\n\n\n<li>Es sind <strong>langsame Bewegungen<\/strong>, die je nach Bewegungsf\u00e4higkeit auch angepasst werden k\u00f6nnen und so z.B. auch im Sitzen ausge\u00fcbt werden k\u00f6nnen. Erg\u00e4nzend gibt es Atem-\u00dcbungen und die Geh-Meditation. Der Herzraum spielt bei dieser Art der Meditation eine zentrale Rolle. Deshalb wird Jugum auch oft als <strong>Herzmeditation <\/strong>bezeichnet.<\/li>\n<\/ul>\n<\/div>\n<\/div>\n\n\n\n<hr class=\"wp-block-separator alignwide has-text-color has-luminous-vivid-amber-color has-alpha-channel-opacity has-luminous-vivid-amber-background-color has-background is-style-wide\"\/>\n\n\n\n<div class=\"wp-block-columns alignwide are-vertically-aligned-top is-layout-flex wp-container-core-columns-is-layout-30f78326 wp-block-columns-is-layout-flex\">\n<div class=\"wp-block-column is-vertically-aligned-top is-layout-flow wp-block-column-is-layout-flow\" style=\"flex-basis:400px\">\n<figure class=\"wp-block-image size-full is-resized has-custom-border is-style-rounded\"><img loading=\"lazy\" decoding=\"async\" width=\"2560\" height=\"1920\" src=\"https:\/\/2025.schnetzer.at\/wp-content\/uploads\/2024\/02\/Sonnenuntergang-Malta-scaled.jpg\" alt=\"\" class=\"wp-image-105\" style=\"border-radius:10px;object-fit:cover;width:400px;height:auto\" srcset=\"https:\/\/2025.schnetzer.at\/wp-content\/uploads\/2024\/02\/Sonnenuntergang-Malta-scaled.jpg 2560w, https:\/\/2025.schnetzer.at\/wp-content\/uploads\/2024\/02\/Sonnenuntergang-Malta-300x225.jpg 300w, https:\/\/2025.schnetzer.at\/wp-content\/uploads\/2024\/02\/Sonnenuntergang-Malta-1024x768.jpg 1024w, https:\/\/2025.schnetzer.at\/wp-content\/uploads\/2024\/02\/Sonnenuntergang-Malta-768x576.jpg 768w, https:\/\/2025.schnetzer.at\/wp-content\/uploads\/2024\/02\/Sonnenuntergang-Malta-1536x1152.jpg 1536w, https:\/\/2025.schnetzer.at\/wp-content\/uploads\/2024\/02\/Sonnenuntergang-Malta-2048x1536.jpg 2048w\" sizes=\"auto, (max-width: 2560px) 100vw, 2560px\" \/><\/figure>\n<\/div>\n\n\n\n<div class=\"wp-block-column is-vertically-aligned-top is-layout-flow wp-block-column-is-layout-flow\">\n<h2 class=\"wp-block-heading has-large-font-size\" style=\"margin-top:0px\">    Jugum lernen<\/h2>\n\n\n\n<ul class=\"wp-block-list\">\n<li>Jugum &#8211; Das europ\u00e4ische Klosteryoga ist in alten Schriften der <strong>Traditionellen Europ\u00e4ischen Medizin (TEM) <\/strong>verankert.<\/li>\n\n\n\n<li>Sanfte Bewegungen, Atem\u00fcbungen und Achtsamkeits\u00fcbungen k\u00f6nnen zu <strong>mehr Gelassenheit <\/strong>f\u00fchren und das <strong>Wohlbefinden f\u00f6rdern<\/strong>. Wir finden unsere Mitte im Sitzen, im Stehen, im Gehen, im Atem und in der Bewegung.<\/li>\n\n\n\n<li>Das Lernen von Jugum findet in Kleingruppen statt. \u00dcber dein Interesse freue ich mich sehr, kontaktiere mich gerne: <strong><a href=\"mailto:michaela@schnetzer.at\">michaela@schnetzer.at<\/a><\/strong><\/li>\n<\/ul>\n<\/div>\n<\/div>\n\n\n\n<hr class=\"wp-block-separator alignwide has-text-color has-luminous-vivid-amber-color has-alpha-channel-opacity has-luminous-vivid-amber-background-color has-background is-style-wide\"\/>\n\n\n\n<div class=\"wp-block-columns alignwide are-vertically-aligned-top is-layout-flex wp-container-core-columns-is-layout-30f78326 wp-block-columns-is-layout-flex\">\n<div class=\"wp-block-column is-vertically-aligned-top is-layout-flow wp-block-column-is-layout-flow\" style=\"flex-basis:400px\">\n<figure class=\"wp-block-image size-large is-resized has-custom-border is-style-rounded\"><img loading=\"lazy\" decoding=\"async\" width=\"1024\" height=\"768\" src=\"https:\/\/2025.schnetzer.at\/wp-content\/uploads\/2024\/02\/Schafgarbe-grauer-Hintergrund-1024x768.jpg\" alt=\"\" class=\"wp-image-117\" style=\"border-radius:10px;object-fit:cover;width:400px;height:auto\" srcset=\"https:\/\/2025.schnetzer.at\/wp-content\/uploads\/2024\/02\/Schafgarbe-grauer-Hintergrund-1024x768.jpg 1024w, https:\/\/2025.schnetzer.at\/wp-content\/uploads\/2024\/02\/Schafgarbe-grauer-Hintergrund-300x225.jpg 300w, https:\/\/2025.schnetzer.at\/wp-content\/uploads\/2024\/02\/Schafgarbe-grauer-Hintergrund-768x576.jpg 768w, https:\/\/2025.schnetzer.at\/wp-content\/uploads\/2024\/02\/Schafgarbe-grauer-Hintergrund-1536x1152.jpg 1536w, https:\/\/2025.schnetzer.at\/wp-content\/uploads\/2024\/02\/Schafgarbe-grauer-Hintergrund-2048x1536.jpg 2048w\" sizes=\"auto, (max-width: 1024px) 100vw, 1024px\" \/><\/figure>\n<\/div>\n\n\n\n<div class=\"wp-block-column is-vertically-aligned-top is-layout-flow wp-block-column-is-layout-flow\">\n<h2 class=\"wp-block-heading has-large-font-size\" style=\"margin-top:0px\">   Traditionelle Europ\u00e4ische Medizin                       <\/h2>\n\n\n\n<ul class=\"wp-block-list\">\n<li>Die <strong>Wurzeln unserer Medizin<\/strong> reichen weit in die Vergangenheit zur\u00fcck. Vor rund 2.500 Jahren wurden die ersten schriftlichen Aufzeichnungen get\u00e4tigt. Namen wie Hippokrates von Kos, Avicenna, Hildegard von Bingen oder Paracelsus sind wahrscheinlich bekannter als die Medizin, f\u00fcr die sie in die Geschichte eingingen.<\/li>\n\n\n\n<li>Themen wie die Ern\u00e4hrung, Medikamente aus aus Heilpflanzen, heilsame Bewegung, spezielle Massagen sowie Psychosomatik und Meditation sind wichtige Bestandteile dieser Art der <strong>Gesundheitsunterst\u00fctzung<\/strong>, die heute wieder immer mehr an Aktualit\u00e4t gewinnt.<\/li>\n\n\n\n<li>Wenn du Lust bekommen hast, die Urspr\u00fcnge der Traditionelle Europ\u00e4ischen Medizin (TEM) kennenzulernen, dann kontaktiere mich gerne: <strong><a href=\"mailto:michaela@schnetzer.at\">michaela@schnetzer.at<\/a><\/strong><\/li>\n<\/ul>\n<\/div>\n<\/div>\n\n\n\n<hr class=\"wp-block-separator alignwide has-text-color has-luminous-vivid-amber-color has-alpha-channel-opacity has-luminous-vivid-amber-background-color has-background is-style-wide\"\/>\n\n\n\n<div class=\"wp-block-columns alignwide are-vertically-aligned-top is-layout-flex wp-container-core-columns-is-layout-30f78326 wp-block-columns-is-layout-flex\">\n<div class=\"wp-block-column is-vertically-aligned-top is-layout-flow wp-block-column-is-layout-flow\" style=\"flex-basis:400px\">\n<figure class=\"wp-block-image size-large is-resized has-custom-border is-style-rounded\"><img loading=\"lazy\" decoding=\"async\" width=\"1024\" height=\"769\" src=\"https:\/\/2025.schnetzer.at\/wp-content\/uploads\/2024\/02\/Gebirge-mit-Wolken-scaled-e1739902393514-1024x769.jpg\" alt=\"\" class=\"wp-image-100\" style=\"border-radius:10px;object-fit:cover;width:400px;height:auto\" srcset=\"https:\/\/2025.schnetzer.at\/wp-content\/uploads\/2024\/02\/Gebirge-mit-Wolken-scaled-e1739902393514-1024x769.jpg 1024w, https:\/\/2025.schnetzer.at\/wp-content\/uploads\/2024\/02\/Gebirge-mit-Wolken-scaled-e1739902393514-300x225.jpg 300w, https:\/\/2025.schnetzer.at\/wp-content\/uploads\/2024\/02\/Gebirge-mit-Wolken-scaled-e1739902393514-768x576.jpg 768w, https:\/\/2025.schnetzer.at\/wp-content\/uploads\/2024\/02\/Gebirge-mit-Wolken-scaled-e1739902393514-1536x1153.jpg 1536w, https:\/\/2025.schnetzer.at\/wp-content\/uploads\/2024\/02\/Gebirge-mit-Wolken-scaled-e1739902393514-2048x1537.jpg 2048w\" sizes=\"auto, (max-width: 1024px) 100vw, 1024px\" \/><\/figure>\n<\/div>\n\n\n\n<div class=\"wp-block-column is-vertically-aligned-top is-layout-flow wp-block-column-is-layout-flow\">\n<h2 class=\"wp-block-heading has-large-font-size\" style=\"margin-top:0px\">    \u00dcber Spiritualit\u00e4t und Meditation<\/h2>\n\n\n\n<ul class=\"wp-block-list\">\n<li><strong>Spiritualit\u00e4t <\/strong>kommt vom Lateinischen &#8217;spiritus&#8216; und bedeutet \u201eHauch\u201c oder \u201eGeist\u201c, also kann es mit dem Glauben an eine geistige, nicht-materielle Welt erkl\u00e4rt werden. Es ist der Glaube an eine h\u00f6here Wirklichkeit, die allem innewohnt. Es ist eine Lebensanschauung, die sich mit dem Streben nach einem h\u00f6heren Sinn besch\u00e4ftigt. Dabei ist Spiritualit\u00e4t keine abstrakte Methode. Sie muss durch Erfahrung und praktisches \u00dcben kennengelernt werden.<\/li>\n\n\n\n<li><strong>Meditation <\/strong>ist eine m\u00f6gliche Technik, sich spirituell zu bet\u00e4tigen. Es bedeutet &#8222;in sich gehen&#8220; (lat. in medium ire \u2013 in die Mitte gehen). Wer in sich ruht, den haut nichts so leicht um, der ger\u00e4t auch nicht so leicht aus der Spur. Wer in sich ruhen kann, wei\u00df, wo er\/sie zu Hause ist. Man ist sich seiner selbst bewusst. Man wei\u00df, was man an sich hat und kann sich selbst vertrauen.<\/li>\n\n\n\n<li>Meditation bedeutet NICHT unbedingt, ruhig dazusitzen oder zu liegen und einer Stimme zu lauschen.<\/li>\n<\/ul>\n<\/div>\n<\/div>\n\n\n\n<hr class=\"wp-block-separator alignwide has-text-color has-luminous-vivid-amber-color has-alpha-channel-opacity has-luminous-vivid-amber-background-color has-background is-style-wide\"\/>\n","protected":false},"excerpt":{"rendered":"<p>Jugum &#8211; was ist das? Jugum lernen Traditionelle Europ\u00e4ische Medizin \u00dcber Spiritualit\u00e4t und Meditation<\/p>\n","protected":false},"author":2,"featured_media":0,"parent":0,"menu_order":2,"comment_status":"closed","ping_status":"closed","template":"","meta":{"footnotes":""},"class_list":["post-26","page","type-page","status-publish","hentry"],"_links":{"self":[{"href":"https:\/\/2025.schnetzer.at\/index.php\/wp-json\/wp\/v2\/pages\/26","targetHints":{"allow":["GET"]}}],"collection":[{"href":"https:\/\/2025.schnetzer.at\/index.php\/wp-json\/wp\/v2\/pages"}],"about":[{"href":"https:\/\/2025.schnetzer.at\/index.php\/wp-json\/wp\/v2\/types\/page"}],"author":[{"embeddable":true,"href":"https:\/\/2025.schnetzer.at\/index.php\/wp-json\/wp\/v2\/users\/2"}],"replies":[{"embeddable":true,"href":"https:\/\/2025.schnetzer.at\/index.php\/wp-json\/wp\/v2\/comments?post=26"}],"version-history":[{"count":20,"href":"https:\/\/2025.schnetzer.at\/index.php\/wp-json\/wp\/v2\/pages\/26\/revisions"}],"predecessor-version":[{"id":427,"href":"https:\/\/2025.schnetzer.at\/index.php\/wp-json\/wp\/v2\/pages\/26\/revisions\/427"}],"wp:attachment":[{"href":"https:\/\/2025.schnetzer.at\/index.php\/wp-json\/wp\/v2\/media?parent=26"}],"curies":[{"name":"wp","href":"https:\/\/api.w.org\/{rel}","templated":true}]}}