{"id":23,"date":"2024-01-22T17:51:39","date_gmt":"2024-01-22T17:51:39","guid":{"rendered":"https:\/\/2025.schnetzer.at\/?page_id=23"},"modified":"2025-02-19T19:08:06","modified_gmt":"2025-02-19T19:08:06","slug":"heilpflanzen","status":"publish","type":"page","link":"https:\/\/2025.schnetzer.at\/index.php\/heilpflanzen\/","title":{"rendered":"Gr\u00fcne Oase"},"content":{"rendered":"\n<hr class=\"wp-block-separator alignwide has-text-color has-vivid-green-cyan-color has-alpha-channel-opacity has-vivid-green-cyan-background-color has-background is-style-wide\"\/>\n\n\n\n<div class=\"wp-block-columns alignwide are-vertically-aligned-top is-layout-flex wp-container-core-columns-is-layout-30f78326 wp-block-columns-is-layout-flex\">\n<div class=\"wp-block-column is-vertically-aligned-top is-layout-flow wp-block-column-is-layout-flow\" style=\"flex-basis:400px\">\n<figure class=\"wp-block-image size-large has-custom-border is-style-rounded\"><img loading=\"lazy\" decoding=\"async\" width=\"1024\" height=\"576\" src=\"https:\/\/2025.schnetzer.at\/wp-content\/uploads\/2024\/02\/Smultron-1024x576.jpg\" alt=\"\" class=\"wp-image-118\" style=\"border-radius:10px;object-fit:cover\" srcset=\"https:\/\/2025.schnetzer.at\/wp-content\/uploads\/2024\/02\/Smultron-1024x576.jpg 1024w, https:\/\/2025.schnetzer.at\/wp-content\/uploads\/2024\/02\/Smultron-300x169.jpg 300w, https:\/\/2025.schnetzer.at\/wp-content\/uploads\/2024\/02\/Smultron-768x432.jpg 768w, https:\/\/2025.schnetzer.at\/wp-content\/uploads\/2024\/02\/Smultron-1536x864.jpg 1536w, https:\/\/2025.schnetzer.at\/wp-content\/uploads\/2024\/02\/Smultron-2048x1152.jpg 2048w\" sizes=\"auto, (max-width: 1024px) 100vw, 1024px\" \/><\/figure>\n<\/div>\n\n\n\n<div class=\"wp-block-column is-vertically-aligned-top is-layout-flow wp-block-column-is-layout-flow\">\n<h2 class=\"wp-block-heading has-large-font-size\" style=\"margin-top:0px\">Bl\u00fcte, Kraut und Wurzelwerk<\/h2>\n\n\n\n<p>Sehr fr\u00fch schon erkannte man die unterschiedlichen <strong>Wirkungen der Heilpflanzen<\/strong>. Wir k\u00f6nnen uns gl\u00fccklich sch\u00e4tzen, dass Heilpflanzen in allen m\u00f6glichen Formen heute bei uns so gut erh\u00e4ltlich sind. Als Tabletten, Tees, Tinkturen, Wickel finden sie ihre Anwendung und k\u00f6nnen dabei vorbeugend oder begleitend ihre Wirkung entfalten und zu unserem Wohlbefinden beitragen. Der achtsame Umgang mit den Sch\u00e4tzen der Natur ist Voraussetzung f\u00fcr die optimale Wirkung.<\/p>\n<\/div>\n<\/div>\n\n\n\n<hr class=\"wp-block-separator alignwide has-text-color has-vivid-green-cyan-color has-alpha-channel-opacity has-vivid-green-cyan-background-color has-background is-style-wide\"\/>\n\n\n\n<div class=\"wp-block-columns alignwide are-vertically-aligned-top is-layout-flex wp-container-core-columns-is-layout-30f78326 wp-block-columns-is-layout-flex\">\n<div class=\"wp-block-column is-vertically-aligned-top is-layout-flow wp-block-column-is-layout-flow\" style=\"flex-basis:400px\">\n<figure class=\"wp-block-image size-large is-resized has-custom-border is-style-rounded\"><img loading=\"lazy\" decoding=\"async\" width=\"1024\" height=\"768\" src=\"https:\/\/2025.schnetzer.at\/wp-content\/uploads\/2024\/02\/Kraeutersammlung-2-1024x768.jpg\" alt=\"\" class=\"wp-image-96\" style=\"border-radius:10px;object-fit:cover;width:400px;height:auto\" srcset=\"https:\/\/2025.schnetzer.at\/wp-content\/uploads\/2024\/02\/Kraeutersammlung-2-1024x768.jpg 1024w, https:\/\/2025.schnetzer.at\/wp-content\/uploads\/2024\/02\/Kraeutersammlung-2-300x225.jpg 300w, https:\/\/2025.schnetzer.at\/wp-content\/uploads\/2024\/02\/Kraeutersammlung-2-768x576.jpg 768w, https:\/\/2025.schnetzer.at\/wp-content\/uploads\/2024\/02\/Kraeutersammlung-2-1536x1152.jpg 1536w, https:\/\/2025.schnetzer.at\/wp-content\/uploads\/2024\/02\/Kraeutersammlung-2-2048x1536.jpg 2048w\" sizes=\"auto, (max-width: 1024px) 100vw, 1024px\" \/><\/figure>\n<\/div>\n\n\n\n<div class=\"wp-block-column is-vertically-aligned-top is-layout-flow wp-block-column-is-layout-flow\">\n<h2 class=\"wp-block-heading has-large-font-size\" style=\"margin-top:0px\">Zeit f\u00fcr Heilpflanzen<\/h2>\n\n\n\n<ul class=\"wp-block-list\">\n<li>Du hast Lust bekommen, in die Natur einzutauchen und dich mit den Grundlagen der Pflanzenheilkunde zu befassen?<\/li>\n\n\n\n<li>Oder du m\u00f6chtest in einen bestimmten Bereich noch tiefer eintauchen?<\/li>\n\n\n\n<li>Du m\u00f6chtest mit deinen Freundinnen einen &#8222;Kr\u00e4uter-Abend&#8220; veranstalten?<\/li>\n\n\n\n<li>Im Folgenden findest du Seminare zu vielen verschiedenen Themen.<\/li>\n\n\n\n<li>Kontaktiere mich f\u00fcr dein pers\u00f6nliches Angebot unter  <strong><a href=\"mailto:michaela@schnetzer.at\">michaela@schnetzer.at<\/a><\/strong><\/li>\n\n\n\n<li>An der VHS Salzburg biete ich ebenfalls regelm\u00e4\u00dfig Vortr\u00e4ge, Seminare und Workshops an.<\/li>\n<\/ul>\n<\/div>\n<\/div>\n\n\n\n<hr class=\"wp-block-separator alignwide has-text-color has-vivid-green-cyan-color has-alpha-channel-opacity has-vivid-green-cyan-background-color has-background is-style-wide\"\/>\n\n\n\n<div class=\"wp-block-columns alignwide are-vertically-aligned-top is-layout-flex wp-container-core-columns-is-layout-30f78326 wp-block-columns-is-layout-flex\">\n<div class=\"wp-block-column is-vertically-aligned-top is-layout-flow wp-block-column-is-layout-flow\" style=\"flex-basis:400px\">\n<figure class=\"wp-block-image size-large is-resized has-custom-border is-style-rounded\"><img loading=\"lazy\" decoding=\"async\" width=\"1024\" height=\"576\" src=\"https:\/\/2025.schnetzer.at\/wp-content\/uploads\/2024\/02\/Rotklee-mit-Brombeer-1024x576.jpg\" alt=\"\" class=\"wp-image-98\" style=\"border-radius:10px;object-fit:cover;width:400px;height:auto\" srcset=\"https:\/\/2025.schnetzer.at\/wp-content\/uploads\/2024\/02\/Rotklee-mit-Brombeer-1024x576.jpg 1024w, https:\/\/2025.schnetzer.at\/wp-content\/uploads\/2024\/02\/Rotklee-mit-Brombeer-300x169.jpg 300w, https:\/\/2025.schnetzer.at\/wp-content\/uploads\/2024\/02\/Rotklee-mit-Brombeer-768x432.jpg 768w, https:\/\/2025.schnetzer.at\/wp-content\/uploads\/2024\/02\/Rotklee-mit-Brombeer-1536x864.jpg 1536w, https:\/\/2025.schnetzer.at\/wp-content\/uploads\/2024\/02\/Rotklee-mit-Brombeer-2048x1152.jpg 2048w\" sizes=\"auto, (max-width: 1024px) 100vw, 1024px\" \/><\/figure>\n<\/div>\n\n\n\n<div class=\"wp-block-column is-vertically-aligned-top is-layout-flow wp-block-column-is-layout-flow\">\n<h2 class=\"wp-block-heading has-large-font-size\" style=\"margin-top:0px\">Kr\u00e4uterspaziergang<\/h2>\n\n\n\n<ul class=\"wp-block-list\">\n<li>Im Raum Salzburg gibt es so viele M\u00f6glichkeiten, Pflanzen zu entdecken, bestimmt ist auch in deiner N\u00e4he eine sch\u00f6ne Kr\u00e4uterwanderung m\u00f6glich! In ca. zwei Stunden bekommen wir schon viel zu sehen. Wir lernen \u00fcber das <strong>Sammeln, Aufbewahren und \u00fcber die unterschiedlichen Anwendungsm\u00f6glichkeiten<\/strong>.<\/li>\n\n\n\n<li><strong>Auch Kinder sind herzlich willkommen!<\/strong><\/li>\n\n\n\n<li><a href=\"mailto:michaela@schnetzer.at\" data-type=\"link\" data-id=\"michaela@schnetzer.at\"><strong>Hier<\/strong><\/a> geht es zu deiner Anfrage f\u00fcr ein Angebot.<\/li>\n<\/ul>\n<\/div>\n<\/div>\n\n\n\n<hr class=\"wp-block-separator alignwide has-text-color has-vivid-green-cyan-color has-alpha-channel-opacity has-vivid-green-cyan-background-color has-background is-style-wide\"\/>\n\n\n\n<div class=\"wp-block-columns alignwide are-vertically-aligned-top is-layout-flex wp-container-core-columns-is-layout-30f78326 wp-block-columns-is-layout-flex\">\n<div class=\"wp-block-column is-vertically-aligned-top is-layout-flow wp-block-column-is-layout-flow\" style=\"flex-basis:400px\">\n<figure class=\"wp-block-image size-large is-resized has-custom-border is-style-rounded\"><img loading=\"lazy\" decoding=\"async\" width=\"1024\" height=\"768\" src=\"https:\/\/2025.schnetzer.at\/wp-content\/uploads\/2024\/02\/Gewitterstimmung-OOe-1024x768.jpg\" alt=\"\" class=\"wp-image-101\" style=\"border-radius:10px;object-fit:cover;width:400px;height:auto\" srcset=\"https:\/\/2025.schnetzer.at\/wp-content\/uploads\/2024\/02\/Gewitterstimmung-OOe-1024x768.jpg 1024w, https:\/\/2025.schnetzer.at\/wp-content\/uploads\/2024\/02\/Gewitterstimmung-OOe-300x225.jpg 300w, https:\/\/2025.schnetzer.at\/wp-content\/uploads\/2024\/02\/Gewitterstimmung-OOe-768x576.jpg 768w, https:\/\/2025.schnetzer.at\/wp-content\/uploads\/2024\/02\/Gewitterstimmung-OOe-1536x1152.jpg 1536w, https:\/\/2025.schnetzer.at\/wp-content\/uploads\/2024\/02\/Gewitterstimmung-OOe-2048x1536.jpg 2048w\" sizes=\"auto, (max-width: 1024px) 100vw, 1024px\" \/><\/figure>\n<\/div>\n\n\n\n<div class=\"wp-block-column is-vertically-aligned-top is-layout-flow wp-block-column-is-layout-flow\">\n<h2 class=\"wp-block-heading has-large-font-size\" style=\"margin-top:0px\">Zeit f\u00fcr Traditionelles R\u00e4uchern<\/h2>\n\n\n\n<ul class=\"wp-block-list\">\n<li>Seit Jahrhunderten ist das R\u00e4uchern in unserer Kultur ein fest verankerter Teil des Brauchtums. Es war Bestandteil von Festen und Ritualen, aber auch in Krankenzimmern, Gerichtss\u00e4len oder Wohnh\u00e4usern wurde ger\u00e4uchert. In Kirchen und auch in manchen alten H\u00f6fen hat sich dieser Brauch bis heute gehalten.<\/li>\n\n\n\n<li>Beim R\u00e4uchern verwenden wir vorwiegend<strong> heimische Kr\u00e4uter, Rinden, Wurzeln und Harze.<\/strong><\/li>\n\n\n\n<li>Du m\u00f6chtest in deinem Freundeskreis ein R\u00e4ucherseminar veranstalten? Das ist eine gute Idee! <strong><a href=\"mailto:michaela@schnetzer.at\" data-type=\"link\" data-id=\"michaela@schnetzer.at\">Hier<\/a><\/strong> geht es zur Anfrage f\u00fcr ein Angebot nach deinen besonderen W\u00fcnschen.<\/li>\n<\/ul>\n<\/div>\n<\/div>\n\n\n\n<hr class=\"wp-block-separator alignwide has-text-color has-vivid-green-cyan-color has-alpha-channel-opacity has-vivid-green-cyan-background-color has-background is-style-wide\"\/>\n\n\n\n<div class=\"wp-block-columns alignwide are-vertically-aligned-top is-layout-flex wp-container-core-columns-is-layout-30f78326 wp-block-columns-is-layout-flex\">\n<div class=\"wp-block-column is-vertically-aligned-top is-layout-flow wp-block-column-is-layout-flow\" style=\"flex-basis:400px\">\n<figure class=\"wp-block-image size-large is-resized has-custom-border\"><img loading=\"lazy\" decoding=\"async\" width=\"768\" height=\"1024\" src=\"https:\/\/2025.schnetzer.at\/wp-content\/uploads\/2025\/02\/IMG_20210705_172303-768x1024.jpg\" alt=\"\" class=\"wp-image-388\" style=\"border-radius:10px;object-fit:cover;width:400px;height:auto\" srcset=\"https:\/\/2025.schnetzer.at\/wp-content\/uploads\/2025\/02\/IMG_20210705_172303-768x1024.jpg 768w, https:\/\/2025.schnetzer.at\/wp-content\/uploads\/2025\/02\/IMG_20210705_172303-225x300.jpg 225w, https:\/\/2025.schnetzer.at\/wp-content\/uploads\/2025\/02\/IMG_20210705_172303-1152x1536.jpg 1152w, https:\/\/2025.schnetzer.at\/wp-content\/uploads\/2025\/02\/IMG_20210705_172303-1536x2048.jpg 1536w, https:\/\/2025.schnetzer.at\/wp-content\/uploads\/2025\/02\/IMG_20210705_172303-scaled.jpg 1920w\" sizes=\"auto, (max-width: 768px) 100vw, 768px\" \/><\/figure>\n<\/div>\n\n\n\n<div class=\"wp-block-column is-vertically-aligned-top is-layout-flow wp-block-column-is-layout-flow\">\n<h2 class=\"wp-block-heading has-large-font-size\" style=\"margin-top:0px\">Zeit f\u00fcr &#8230;<\/h2>\n\n\n\n<ul class=\"wp-block-list\">\n<li><strong>FRAUENKR\u00c4UTER <\/strong>&#8211; Heilsames aus der Natur f\u00fcr Frauen in jeder Lebenslage<\/li>\n\n\n\n<li><strong>SEELENKR\u00c4UTER <\/strong>&#8211; beruhigende, konzentrationsf\u00f6rdernde, aufmunternde Sch\u00e4tze aus der Natur<\/li>\n\n\n\n<li><strong>APHRODITES KR\u00c4UTERGARTEN <\/strong>&#8211; Sch\u00f6nes aus dem Kr\u00e4uterparadies f\u00fcr Sie und Ihn<\/li>\n\n\n\n<li><strong>M\u00c4NNERKR\u00c4UTER<\/strong> &#8211; doch, auch f\u00fcr euch gibt&#8217;s was Heilsames aus der Natur<\/li>\n\n\n\n<li><strong>K\u00dcCHENKR\u00c4UTER <\/strong>&#8211; Petersilie ist mehr als Deko auf dem Schnitzel<\/li>\n\n\n\n<li><strong>KNOSPEN <\/strong>&#8211; geballte Kraft der B\u00e4ume und Str\u00e4ucher<\/li>\n\n\n\n<li><strong>KELTENKR\u00c4UTER <\/strong>&#8211; was man damals schon wusste und heute wieder entdeckt <\/li>\n\n\n\n<li><strong>BAUM und STRAUCH<\/strong> &#8211;  mit Blatt, Bl\u00fcte und Rinde k\u00f6nnen auch gro\u00dfe Pflanzen unser Wohlbefinden f\u00f6rdern<\/li>\n\n\n\n<li><strong>VERDAUUNGSKR\u00c4UTER <\/strong>&#8211; alles f\u00fcr die gute Verdauung<\/li>\n\n\n\n<li><strong>TEM &#8211; Traditionelle Europ\u00e4ische Medizin<\/strong>: Nonnen und M\u00f6nche haben vor hunderten Jahren das medizinische Wissen zusammengetragen und aufgeschrieben. Heute wird es wiederentdeckt<\/li>\n\n\n\n<li>Gerne stelle ich f\u00fcr dich ein passendes Angebot zusammen. <strong><a href=\"mailto:michaela@schnetzer.at\" data-type=\"link\" data-id=\"michaela@schnetzer.at\">Hier<\/a><\/strong> geht es zur Anfrage f\u00fcr ein Angebot nach deinen besonderen W\u00fcnschen.<\/li>\n<\/ul>\n<\/div>\n<\/div>\n\n\n\n<hr class=\"wp-block-separator alignwide has-text-color has-vivid-green-cyan-color has-alpha-channel-opacity has-vivid-green-cyan-background-color has-background is-style-wide\"\/>\n\n\n\n<div class=\"wp-block-columns alignwide are-vertically-aligned-top is-layout-flex wp-container-core-columns-is-layout-30f78326 wp-block-columns-is-layout-flex\">\n<div class=\"wp-block-column is-vertically-aligned-top is-layout-flow wp-block-column-is-layout-flow\" style=\"flex-basis:400px\">\n<figure class=\"wp-block-image size-large has-custom-border is-style-rounded\"><img loading=\"lazy\" decoding=\"async\" width=\"1024\" height=\"768\" src=\"https:\/\/2025.schnetzer.at\/wp-content\/uploads\/2024\/02\/Blumenwiese-1024x768.jpg\" alt=\"\" class=\"wp-image-94\" style=\"border-radius:10px;object-fit:cover\" srcset=\"https:\/\/2025.schnetzer.at\/wp-content\/uploads\/2024\/02\/Blumenwiese-1024x768.jpg 1024w, https:\/\/2025.schnetzer.at\/wp-content\/uploads\/2024\/02\/Blumenwiese-300x225.jpg 300w, https:\/\/2025.schnetzer.at\/wp-content\/uploads\/2024\/02\/Blumenwiese-768x576.jpg 768w, https:\/\/2025.schnetzer.at\/wp-content\/uploads\/2024\/02\/Blumenwiese-1536x1152.jpg 1536w, https:\/\/2025.schnetzer.at\/wp-content\/uploads\/2024\/02\/Blumenwiese-2048x1536.jpg 2048w\" sizes=\"auto, (max-width: 1024px) 100vw, 1024px\" \/><figcaption class=\"wp-element-caption\">(c) by Michaela Schnetzer<\/figcaption><\/figure>\n<\/div>\n\n\n\n<div class=\"wp-block-column is-vertically-aligned-top is-layout-flow wp-block-column-is-layout-flow\">\n<p><\/p>\n\n\n\n<h2 class=\"wp-block-heading has-text-align-center has-large-font-size\" style=\"margin-top:0px\"><em>&#8222;Alle Wiesen und Matten, Berge und H\u00fcgel sind Apotheken.&#8220;<\/em><\/h2>\n\n\n\n<p class=\"has-text-align-center\">Theophrastus Bombast von Hohenheim oder einfach <strong>Paracelsus <\/strong><\/p>\n\n\n\n<p class=\"has-text-align-center\"><\/p>\n<\/div>\n<\/div>\n\n\n\n<hr class=\"wp-block-separator alignwide has-text-color has-vivid-green-cyan-color has-alpha-channel-opacity has-vivid-green-cyan-background-color has-background is-style-wide\"\/>\n","protected":false},"excerpt":{"rendered":"<p>Bl\u00fcte, Kraut und Wurzelwerk Sehr fr\u00fch schon erkannte man die unterschiedlichen Wirkungen der Heilpflanzen. Wir k\u00f6nnen uns gl\u00fccklich sch\u00e4tzen, dass Heilpflanzen in allen m\u00f6glichen Formen heute bei uns so gut erh\u00e4ltlich sind. Als Tabletten, Tees,<\/p>\n","protected":false},"author":2,"featured_media":0,"parent":0,"menu_order":1,"comment_status":"closed","ping_status":"closed","template":"","meta":{"footnotes":""},"class_list":["post-23","page","type-page","status-publish","hentry"],"_links":{"self":[{"href":"https:\/\/2025.schnetzer.at\/index.php\/wp-json\/wp\/v2\/pages\/23","targetHints":{"allow":["GET"]}}],"collection":[{"href":"https:\/\/2025.schnetzer.at\/index.php\/wp-json\/wp\/v2\/pages"}],"about":[{"href":"https:\/\/2025.schnetzer.at\/index.php\/wp-json\/wp\/v2\/types\/page"}],"author":[{"embeddable":true,"href":"https:\/\/2025.schnetzer.at\/index.php\/wp-json\/wp\/v2\/users\/2"}],"replies":[{"embeddable":true,"href":"https:\/\/2025.schnetzer.at\/index.php\/wp-json\/wp\/v2\/comments?post=23"}],"version-history":[{"count":28,"href":"https:\/\/2025.schnetzer.at\/index.php\/wp-json\/wp\/v2\/pages\/23\/revisions"}],"predecessor-version":[{"id":430,"href":"https:\/\/2025.schnetzer.at\/index.php\/wp-json\/wp\/v2\/pages\/23\/revisions\/430"}],"wp:attachment":[{"href":"https:\/\/2025.schnetzer.at\/index.php\/wp-json\/wp\/v2\/media?parent=23"}],"curies":[{"name":"wp","href":"https:\/\/api.w.org\/{rel}","templated":true}]}}