{"id":2,"date":"2024-01-22T16:22:12","date_gmt":"2024-01-22T16:22:12","guid":{"rendered":"https:\/\/2025.schnetzer.at\/?page_id=2"},"modified":"2025-02-19T18:39:34","modified_gmt":"2025-02-19T18:39:34","slug":"sample-page","status":"publish","type":"page","link":"https:\/\/2025.schnetzer.at\/","title":{"rendered":"Dahoam"},"content":{"rendered":"\n<hr class=\"wp-block-separator alignwide has-text-color has-pale-pink-color has-alpha-channel-opacity has-pale-pink-background-color has-background is-style-wide\"\/>\n\n\n\n<div class=\"wp-block-columns alignwide are-vertically-aligned-top is-layout-flex wp-container-core-columns-is-layout-30f78326 wp-block-columns-is-layout-flex\">\n<div class=\"wp-block-column is-vertically-aligned-top is-layout-flow wp-block-column-is-layout-flow\" style=\"flex-basis:300px\">\n<figure class=\"wp-block-image size-full is-resized has-custom-border is-style-rounded\"><img loading=\"lazy\" decoding=\"async\" width=\"281\" height=\"296\" src=\"https:\/\/2025.schnetzer.at\/wp-content\/uploads\/2024\/02\/Logo-2024-1.png\" alt=\"\" class=\"wp-image-110\" style=\"border-radius:10px;width:300px\"\/><\/figure>\n<\/div>\n\n\n\n<div class=\"wp-block-column is-vertically-aligned-top is-layout-flow wp-block-column-is-layout-flow\">\n<h2 class=\"wp-block-heading has-large-font-size\" style=\"margin-top:0px;text-transform:capitalize\">Pinnwand &#8211; aktuelles:<\/h2>\n\n\n\n<p><strong><em><mark style=\"background-color:rgba(0, 0, 0, 0)\" class=\"has-inline-color has-vivid-red-color\">Hej! Willkommen auf meiner Homepage! Sch\u00f6n, dass du da bist!<\/mark><mark style=\"background-color:rgba(0, 0, 0, 0)\" class=\"has-inline-color has-vivid-cyan-blue-color\"> <\/mark><\/em><\/strong><\/p>\n\n\n\n<p>Die <strong>neuen Termine f\u00fcr meine Kurse <\/strong>an der VHS Salzburg sind da! Es freut mich besonders, am neuen Programm &#8222;<strong>FRAUEN ST\u00c4RKEN FRAUEN<\/strong>&#8220; beteiligt zu sein. Aber auch Vertrautes aus dem Reich der Kr\u00e4uter ist wieder dabei:<\/p>\n\n\n\n<ol class=\"wp-block-list\">\n<li><strong>K\u00fcchenkr\u00e4uter <\/strong>&#8211; Petersilie ist mehr als Deko auf dem Schnitzel am 4.M\u00e4rz 2025 um 18:00 an der VHS Salzburg: <\/li>\n\n\n\n<li><strong>Gl\u00fccklich, stark und zufrieden<\/strong> &#8211; Mentaltraining f\u00fcr die Frau am 7. M\u00e4rz 2025 um 15:00 an der VHS Salzburg: <\/li>\n\n\n\n<li> <strong>Geballte Kraft der Knospen <\/strong>am 11. M\u00e4rz 2025 um 18:00 an der VHS Salzburg:<\/li>\n\n\n\n<li><strong>Vom Gl\u00fcck, eine Frau zu sein <\/strong>&#8211; drei Abende f\u00fcr die drei Phasen im Leben einer Frau am 20. M\u00e4rz, 3. April und 10. April 2025 um 18:00 an der VHS Salzburg:<\/li>\n\n\n\n<li><strong>B\u00e4ume und Str\u00e4ucher<\/strong> &#8211; Hausmittel einmal anders am 8. April 2025 um 18:00 an der VHS Salzburg: <\/li>\n\n\n\n<li> <strong>Kr\u00e4uterwanderung <\/strong>am 25. April 2025 um 15:00<\/li>\n\n\n\n<li><strong>Vorbild Frau<\/strong> &#8211; ein Vortrag \u00fcber ber\u00fchmte Frauen und Alltagsheldinnen am 30. April 2025 um 18:00 an der VHS Salzburg: <\/li>\n\n\n\n<li><mark style=\"background-color:rgba(0, 0, 0, 0)\" class=\"has-inline-color has-vivid-red-color\"><strong>Erstmals in Salzburg<\/strong>! <\/mark>&#8211; <strong>JUGUM <\/strong>&#8211; Herzmeditation f\u00fcr mehr innere Gelassenheit und Selbstbewusstsein <strong>f\u00fcr die Frau<\/strong> am 6. Mai, 13. Mai und 20. Mai 2025 jeweils um 17:30 an der VHS Salzburg:<\/li>\n<\/ol>\n\n\n\n<p>Meine Kurse finden immer in einem <strong>kleinen Rahmen <\/strong>statt, so kann ich optimal auf <strong>individuelle W\u00fcnsche<\/strong> eingehen und das Programm auf euch abstimmen. <\/p>\n\n\n\n<p>Wenn du selber f\u00fcr eine <strong>Gruppe mit deinen Freundinnen <\/strong>und Freunden einen <strong>eigenen Kurs<\/strong> haben m\u00f6chtest, kannst du mich auch f\u00fcr einen individuellen Termin kontaktieren.Meine email-Adresse ist michaela@schnetzer.at<\/p>\n<\/div>\n<\/div>\n\n\n\n<hr class=\"wp-block-separator alignwide has-text-color has-pale-pink-color has-alpha-channel-opacity has-pale-pink-background-color has-background is-style-wide\"\/>\n\n\n\n<div class=\"wp-block-columns alignwide are-vertically-aligned-top is-layout-flex wp-container-core-columns-is-layout-30f78326 wp-block-columns-is-layout-flex\">\n<div class=\"wp-block-column is-vertically-aligned-top is-layout-flow wp-block-column-is-layout-flow\" style=\"flex-basis:300px\">\n<figure class=\"wp-block-image size-large has-custom-border is-style-rounded\"><img loading=\"lazy\" decoding=\"async\" width=\"1024\" height=\"768\" src=\"https:\/\/2025.schnetzer.at\/wp-content\/uploads\/2024\/02\/Huette-vor-Wald-1024x768.jpg\" alt=\"\" class=\"wp-image-130\" style=\"border-radius:10px\" srcset=\"https:\/\/2025.schnetzer.at\/wp-content\/uploads\/2024\/02\/Huette-vor-Wald-1024x768.jpg 1024w, https:\/\/2025.schnetzer.at\/wp-content\/uploads\/2024\/02\/Huette-vor-Wald-300x225.jpg 300w, https:\/\/2025.schnetzer.at\/wp-content\/uploads\/2024\/02\/Huette-vor-Wald-768x576.jpg 768w, https:\/\/2025.schnetzer.at\/wp-content\/uploads\/2024\/02\/Huette-vor-Wald-1536x1152.jpg 1536w, https:\/\/2025.schnetzer.at\/wp-content\/uploads\/2024\/02\/Huette-vor-Wald-2048x1536.jpg 2048w\" sizes=\"auto, (max-width: 1024px) 100vw, 1024px\" \/><\/figure>\n<\/div>\n\n\n\n<div class=\"wp-block-column is-vertically-aligned-top is-layout-flow wp-block-column-is-layout-flow\">\n<h2 class=\"wp-block-heading has-large-font-size\" style=\"margin-top:0px\">Gr\u00fcne Oase<\/h2>\n\n\n\n<ul class=\"wp-block-list\">\n<li>Blumen, B\u00e4ume, Str\u00e4ucher und nat\u00fcrlich Kr\u00e4uter &#8211; die <a href=\"https:\/\/2025.schnetzer.at\/index.php\/heilpflanzen\/\" data-type=\"page\" data-id=\"23\">Natur <\/a>bietet auf vielf\u00e4ltigste Art und Weise ihre heilenden Kr\u00e4fte an. Die Heilkraft steckt in der Bl\u00fcte, im Kraut, der Rinde oder in der Wurzel. Wenn wir achtsm mit dem wertvollen Angebot der Natur umgehen, k\u00f6nnen wir auf nat\u00fcrlichem Weg zu unserem Wohlbefinden beitragen.<\/li>\n\n\n\n<li>Lass uns die Welt der Heilpflanzen entdecken! <a href=\"https:\/\/2025.schnetzer.at\/index.php\/heilpflanzen\/\" data-type=\"page\" data-id=\"23\"><strong>Hier <\/strong><\/a>geht&#8217;s in die Natur, zur <a href=\"https:\/\/2025.schnetzer.at\/index.php\/heilpflanzen\/\" data-type=\"page\" data-id=\"23\"> <strong>Gr\u00fcnen Oase<\/strong><\/a><\/li>\n<\/ul>\n<\/div>\n<\/div>\n\n\n\n<hr class=\"wp-block-separator alignwide has-text-color has-pale-pink-color has-alpha-channel-opacity has-pale-pink-background-color has-background is-style-wide\"\/>\n\n\n\n<div class=\"wp-block-columns alignwide are-vertically-aligned-top is-layout-flex wp-container-core-columns-is-layout-30f78326 wp-block-columns-is-layout-flex\">\n<div class=\"wp-block-column is-vertically-aligned-top is-layout-flow wp-block-column-is-layout-flow\" style=\"flex-basis:300px\">\n<figure class=\"wp-block-image size-large is-resized has-custom-border is-style-rounded\"><img loading=\"lazy\" decoding=\"async\" width=\"1024\" height=\"769\" src=\"https:\/\/2025.schnetzer.at\/wp-content\/uploads\/2024\/02\/Gebirge-mit-Wolken-scaled-e1739902393514-1024x769.jpg\" alt=\"\" class=\"wp-image-100\" style=\"border-radius:10px;width:300px\" srcset=\"https:\/\/2025.schnetzer.at\/wp-content\/uploads\/2024\/02\/Gebirge-mit-Wolken-scaled-e1739902393514-1024x769.jpg 1024w, https:\/\/2025.schnetzer.at\/wp-content\/uploads\/2024\/02\/Gebirge-mit-Wolken-scaled-e1739902393514-300x225.jpg 300w, https:\/\/2025.schnetzer.at\/wp-content\/uploads\/2024\/02\/Gebirge-mit-Wolken-scaled-e1739902393514-768x576.jpg 768w, https:\/\/2025.schnetzer.at\/wp-content\/uploads\/2024\/02\/Gebirge-mit-Wolken-scaled-e1739902393514-1536x1153.jpg 1536w, https:\/\/2025.schnetzer.at\/wp-content\/uploads\/2024\/02\/Gebirge-mit-Wolken-scaled-e1739902393514-2048x1537.jpg 2048w\" sizes=\"auto, (max-width: 1024px) 100vw, 1024px\" \/><\/figure>\n<\/div>\n\n\n\n<div class=\"wp-block-column is-vertically-aligned-top is-layout-flow wp-block-column-is-layout-flow\">\n<h2 class=\"wp-block-heading has-large-font-size\" style=\"margin-top:0px\">Innerer Kraftplatz<\/h2>\n\n\n\n<ul class=\"wp-block-list\">\n<li>Der Weg ist das Ziel&#8230; &#8211; aber was, wenn der Weg zu unsicher oder zu steil erscheint? Nicht immer ist klar, in welche Richtung unsere Reise gehen soll. Hier kann <strong><a href=\"https:\/\/2025.schnetzer.at\/index.php\/astrologie\/\" data-type=\"page\" data-id=\"28\">Mentaltraining <\/a><\/strong>ein sehr n\u00fctzliches Werkzeug sein. Alte Glaubenss\u00e4tze hindern uns oft am Weiterkommen. Lass uns deine herausfinden und \u00fcberschreiben!<\/li>\n\n\n\n<li>Manchmal kann es auf der Suche nach der Identit\u00e4t auch hilfreich sein, nach den <a href=\"https:\/\/2025.schnetzer.at\/index.php\/astrologie\/\" data-type=\"page\" data-id=\"28\"><strong>Sternen <\/strong><\/a>zu greifen \u2013 das \u00e4lteste psychologische Erkl\u00e4rungsmodell der Welt ist ein Instrument mit dem das Potenzial in jedem Menschen entdeckt werden kann\u2026<\/li>\n\n\n\n<li>Entdecke dein Potetial und finde den Schl\u00fcssel zu mehr Gelassenheit, Selbstbewusstsein und innere St\u00e4rke &#8211; <a href=\"https:\/\/2025.schnetzer.at\/index.php\/astrologie\/\" data-type=\"page\" data-id=\"28\">finde <strong>hier <\/strong>deinen inneren  <strong>Kraftplatz<\/strong><\/a><\/li>\n<\/ul>\n<\/div>\n<\/div>\n\n\n\n<hr class=\"wp-block-separator alignwide has-text-color has-pale-pink-color has-alpha-channel-opacity has-pale-pink-background-color has-background is-style-wide\"\/>\n\n\n\n<div class=\"wp-block-columns alignwide are-vertically-aligned-top is-layout-flex wp-container-core-columns-is-layout-30f78326 wp-block-columns-is-layout-flex\">\n<div class=\"wp-block-column is-vertically-aligned-top is-layout-flow wp-block-column-is-layout-flow\" style=\"flex-basis:300px\">\n<figure class=\"wp-block-image size-full is-resized has-custom-border is-style-rounded\"><img loading=\"lazy\" decoding=\"async\" width=\"2560\" height=\"1920\" src=\"https:\/\/2025.schnetzer.at\/wp-content\/uploads\/2024\/02\/Hafen-Abendstimmung-scaled.jpg\" alt=\"\" class=\"wp-image-121\" style=\"border-radius:10px;width:300px\" srcset=\"https:\/\/2025.schnetzer.at\/wp-content\/uploads\/2024\/02\/Hafen-Abendstimmung-scaled.jpg 2560w, https:\/\/2025.schnetzer.at\/wp-content\/uploads\/2024\/02\/Hafen-Abendstimmung-300x225.jpg 300w, https:\/\/2025.schnetzer.at\/wp-content\/uploads\/2024\/02\/Hafen-Abendstimmung-1024x768.jpg 1024w, https:\/\/2025.schnetzer.at\/wp-content\/uploads\/2024\/02\/Hafen-Abendstimmung-768x576.jpg 768w, https:\/\/2025.schnetzer.at\/wp-content\/uploads\/2024\/02\/Hafen-Abendstimmung-1536x1152.jpg 1536w, https:\/\/2025.schnetzer.at\/wp-content\/uploads\/2024\/02\/Hafen-Abendstimmung-2048x1536.jpg 2048w\" sizes=\"auto, (max-width: 2560px) 100vw, 2560px\" \/><\/figure>\n<\/div>\n\n\n\n<div class=\"wp-block-column is-vertically-aligned-top is-layout-flow wp-block-column-is-layout-flow\">\n<h2 class=\"wp-block-heading has-large-font-size\" style=\"margin-top:0px\">Ruhe &#8211; Oase<\/h2>\n\n\n\n<ul class=\"wp-block-list\">\n<li>Jugum, das sind meditative Bewegungen, die bereits vor 1.500 Jahren in Kl\u00f6stern schriftlich festgehalten wurden. Ausge\u00fcbt werden sie mit Sicherheit schon l\u00e4nger.<\/li>\n\n\n\n<li>Das indische Yoga oder das chinesische Qigong sind bei uns wohl bekannt. Aber auch hier in Europa haben wir Vergleichbares! Es sind langsame Bewegungen, vielf\u00e4ltige Meditationen, die uns helfen k\u00f6nnen, <strong>gelassener <\/strong>zu werden,<strong> besser zu schlafen<\/strong> oder einfach den <strong>Weg zu sich selbst <\/strong>finden\u2026.<\/li>\n\n\n\n<li>Inzwischen ist sogar wissenschaftlich erwiesen, dass sich Meditation positiv auf die Gesundheit auswirkt! <strong>Ein denkbar einfaches Mittel mit gro\u00dfer Wirkung.<\/strong><\/li>\n\n\n\n<li> <strong><a href=\"https:\/\/2025.schnetzer.at\/index.php\/jugum\/\" data-type=\"page\" data-id=\"26\">Hier geht&#8217;s zu deiner Ruheoase<\/a><\/strong><\/li>\n<\/ul>\n<\/div>\n<\/div>\n\n\n\n<hr class=\"wp-block-separator alignwide has-text-color has-pale-pink-color has-alpha-channel-opacity has-pale-pink-background-color has-background is-style-wide\"\/>\n\n\n\n<div class=\"wp-block-columns alignwide are-vertically-aligned-top is-layout-flex wp-container-core-columns-is-layout-30f78326 wp-block-columns-is-layout-flex\">\n<div class=\"wp-block-column is-vertically-aligned-top is-layout-flow wp-block-column-is-layout-flow\" style=\"flex-basis:300px\">\n<figure class=\"wp-block-image size-full is-resized has-custom-border is-style-rounded\"><img loading=\"lazy\" decoding=\"async\" width=\"437\" height=\"437\" src=\"https:\/\/2025.schnetzer.at\/wp-content\/uploads\/2024\/01\/Kraeuter-die-Frauen-gut-tun.jpg\" alt=\"\" class=\"wp-image-36\" style=\"border-radius:10px;width:300px\" srcset=\"https:\/\/2025.schnetzer.at\/wp-content\/uploads\/2024\/01\/Kraeuter-die-Frauen-gut-tun.jpg 437w, https:\/\/2025.schnetzer.at\/wp-content\/uploads\/2024\/01\/Kraeuter-die-Frauen-gut-tun-300x300.jpg 300w, https:\/\/2025.schnetzer.at\/wp-content\/uploads\/2024\/01\/Kraeuter-die-Frauen-gut-tun-150x150.jpg 150w\" sizes=\"auto, (max-width: 437px) 100vw, 437px\" \/><\/figure>\n<\/div>\n\n\n\n<div class=\"wp-block-column is-vertically-aligned-top is-layout-flow wp-block-column-is-layout-flow\">\n<h2 class=\"wp-block-heading has-large-font-size\" style=\"margin-top:0px\">  Was die Schnetzerin so besonders macht:<\/h2>\n\n\n\n<p class=\"has-text-align-center\"><strong><mark style=\"background-color:rgba(0, 0, 0, 0)\" class=\"has-inline-color has-vivid-cyan-blue-color\">Ganzheitlich \u2013 europ\u00e4isch &#8211; traditionell<\/mark><\/strong><\/p>\n\n\n\n<ul class=\"wp-block-list\">\n<li>Die Schnetzerin ist <strong>in Europa verwurzelt<\/strong>: ihre Wurzeln reichen von \u00d6sterreich bis Schweden und nach Slowenien \u2013 und vielleicht sogar noch weiter. Ich bin von Herzen Europ\u00e4erin und finde es faszinierend, welche Sch\u00e4tze es auf unserem Kontinent zu entdecken gibt!<\/li>\n\n\n\n<li>Die <strong>Inhalte meiner Vortr\u00e4ge und Seminare haben Hand und Fu\u00df.<\/strong> Ich recherchiere gr\u00fcndlich und gewissenhaft und wei\u00df, was es hei\u00dft, nach wissenschaftlichen Erkenntnissen zu arbeiten.<\/li>\n\n\n\n<li>Ich habe<strong> jahrzehntelange Erfahrung <\/strong>im Bereich der Erwachsenenbildung und kann daher die Inhalte anschaulich, strukturiert und gut verst\u00e4ndlich vermitteln.<\/li>\n\n\n\n<li>Mein Wissen \u00fcber heilsame Frauenkr\u00e4uter habe ich im B\u00fcchlein <strong>Kr\u00e4uter, die Frauen gut tun<\/strong> zusammengefasst. Es ist im Servus-Verlag erschienen und in jeder Buchhandlung erh\u00e4ltlich.<\/li>\n<\/ul>\n<\/div>\n<\/div>\n\n\n\n<hr class=\"wp-block-separator alignwide has-text-color has-pale-pink-color has-alpha-channel-opacity has-pale-pink-background-color has-background is-style-wide\"\/>\n\n\n\n<div class=\"wp-block-columns alignwide are-vertically-aligned-top is-layout-flex wp-container-core-columns-is-layout-30f78326 wp-block-columns-is-layout-flex\">\n<div class=\"wp-block-column is-vertically-aligned-top is-layout-flow wp-block-column-is-layout-flow\" style=\"flex-basis:300px\">\n<figure class=\"wp-block-image size-full is-resized has-custom-border is-style-rounded\"><img loading=\"lazy\" decoding=\"async\" width=\"178\" height=\"181\" src=\"https:\/\/2025.schnetzer.at\/wp-content\/uploads\/2024\/01\/Michaela-Schnetzer.png\" alt=\"\" class=\"wp-image-13\" style=\"border-radius:10px;object-fit:cover;width:300px;height:300px\"\/><\/figure>\n<\/div>\n\n\n\n<div class=\"wp-block-column is-vertically-aligned-top is-layout-flow wp-block-column-is-layout-flow\">\n<h2 class=\"wp-block-heading has-large-font-size\" style=\"margin-top:0px\">Die Schnetzerin und ihr Lebenslauf<\/h2>\n\n\n\n<ul class=\"wp-block-list\">\n<li>geboren im Land Salzburg und nach mehreren Aufenthalten auf der ganzen Welt auch hier wieder verwurzelt und in st\u00e4ndigem Kontakt mit der Natur, sowohl erdverbunden als auch himmelhoch und dann wieder mittendrin\u2026<\/li>\n\n\n\n<li>abgeschlossenes Wirtschaftsstudium in Graz, in der Vergangenheit beruflich in diesem Bereich t\u00e4tig<\/li>\n\n\n\n<li>gerne malend und schreibend unterwegs oder auch lesend und immer wieder lernend &#8211; eine Auswahl meiner Weiterbildungen:\n<ul class=\"wp-block-list\">\n<li>derzeit in Ausbildung: Aromatherapie (Akademie Sinnesschmiede, Graz)<\/li>\n\n\n\n<li><strong>Mental- und Achtsamkeitstrainerin<\/strong> (Akademie Sinnesschmiede, Graz)<\/li>\n\n\n\n<li><strong>Traditionelle Europ\u00e4ische Medizin<\/strong> (<strong>TEM<\/strong>) am Zentrum f\u00fcr Traditionelle Europ\u00e4ische Medizin in Bad Kreuzen: Grundausbildung, Meditation und  Immunkompetenz (bei Dr. Steinmetz, InstiTEM)<\/li>\n\n\n\n<li><strong>Astrologische Expertin<\/strong> (Zertifikat, Ausbildung in der Schweiz bei Astrorbis)<\/li>\n\n\n\n<li><strong>Traditionelle Europ\u00e4ische Heilkunde<\/strong> (<strong>TEH<\/strong>) an der Akademie in Unken, Pinzgau: Praktiker-Ausbildung, TEH-Naturapotheke (beides bei Dr. Karin Buchart); Knospen und die lebendigen Kr\u00e4fte der B\u00e4ume; Bodenapotheke; Sch\u00f6nheit von innen und au\u00dfen<\/li>\n\n\n\n<li>Frauen Naturheilkunde \u2013 Phytotherapie (Ausbildung an der TEH-Akademie bei Dr. Heide Fischer)<\/li>\n\n\n\n<li>und noch ein paar mehr&#8230;<\/li>\n<\/ul>\n<\/li>\n<\/ul>\n<\/div>\n<\/div>\n\n\n\n<hr class=\"wp-block-separator alignwide has-text-color has-pale-pink-color has-alpha-channel-opacity has-pale-pink-background-color has-background is-style-wide\"\/>\n","protected":false},"excerpt":{"rendered":"<p>Pinnwand &#8211; aktuelles: Hej! Willkommen auf meiner Homepage! Sch\u00f6n, dass du da bist! Die neuen Termine f\u00fcr meine Kurse an der VHS Salzburg sind da! Es freut mich besonders, am neuen Programm &#8222;FRAUEN ST\u00c4RKEN FRAUEN&#8220;<\/p>\n","protected":false},"author":1,"featured_media":0,"parent":0,"menu_order":0,"comment_status":"closed","ping_status":"open","template":"","meta":{"footnotes":""},"class_list":["post-2","page","type-page","status-publish","hentry"],"_links":{"self":[{"href":"https:\/\/2025.schnetzer.at\/index.php\/wp-json\/wp\/v2\/pages\/2","targetHints":{"allow":["GET"]}}],"collection":[{"href":"https:\/\/2025.schnetzer.at\/index.php\/wp-json\/wp\/v2\/pages"}],"about":[{"href":"https:\/\/2025.schnetzer.at\/index.php\/wp-json\/wp\/v2\/types\/page"}],"author":[{"embeddable":true,"href":"https:\/\/2025.schnetzer.at\/index.php\/wp-json\/wp\/v2\/users\/1"}],"replies":[{"embeddable":true,"href":"https:\/\/2025.schnetzer.at\/index.php\/wp-json\/wp\/v2\/comments?post=2"}],"version-history":[{"count":61,"href":"https:\/\/2025.schnetzer.at\/index.php\/wp-json\/wp\/v2\/pages\/2\/revisions"}],"predecessor-version":[{"id":414,"href":"https:\/\/2025.schnetzer.at\/index.php\/wp-json\/wp\/v2\/pages\/2\/revisions\/414"}],"wp:attachment":[{"href":"https:\/\/2025.schnetzer.at\/index.php\/wp-json\/wp\/v2\/media?parent=2"}],"curies":[{"name":"wp","href":"https:\/\/api.w.org\/{rel}","templated":true}]}}